{"id":52171,"date":"2020-04-04T21:21:17","date_gmt":"2020-04-04T21:21:17","guid":{"rendered":"https:\/\/progress.it\/myprogress\/?page_id=52171"},"modified":"2020-06-29T14:10:56","modified_gmt":"2020-06-29T14:10:56","slug":"informativa-privacy","status":"publish","type":"page","link":"https:\/\/progress.it\/myprogress\/informativa-privacy\/","title":{"rendered":"Informativa Privacy"},"content":{"rendered":"<p style=\"text-align: center;\"><strong><img loading=\"lazy\" class=\"alignnone size-medium wp-image-52172\" src=\"https:\/\/progress.it\/myprogress\/wp-content\/uploads\/2018\/07\/informativa_blank-300x103.jpg\" alt=\"\" width=\"300\" height=\"103\" srcset=\"https:\/\/progress.it\/myprogress\/wp-content\/uploads\/2018\/07\/informativa_blank-300x103.jpg 300w, https:\/\/progress.it\/myprogress\/wp-content\/uploads\/2018\/07\/informativa_blank-768x263.jpg 768w, https:\/\/progress.it\/myprogress\/wp-content\/uploads\/2018\/07\/informativa_blank-600x205.jpg 600w, https:\/\/progress.it\/myprogress\/wp-content\/uploads\/2018\/07\/informativa_blank.jpg 980w\" sizes=\"(max-width: 300px) 100vw, 300px\" \/><\/strong><\/p>\n<p>Grazie per aver visitato il nostro sito!\u00a0Nel testo che segue, ai sensi del Regolamento UE 2016\/679, questa pagina descrive le regole di trattamento dei dati personali degli utenti\/visitatori che consultano le pagine web del sito <a href=\"https:\/\/progress.it\/myprogress\/\">www.progress.it<\/a>\u00a0(e non\u00a0altri siti web, portali, sezioni\/pagine\/spazi consultabili mediante link, di titolarit\u00e0 di terzi, per cui si rimanda alle rispettive informative\/policy).<br \/>\nTitolare del trattamento \u00e8 Progress Group srl Viale Bonomi (Palazzo Bottoni), Cassino (FR), sempre raggiungibile a <a href=\"mailto:info@progress.it\">info@progress.it <\/a>\u00a0per tutte le societ\u00e0 del <a href=\"https:\/\/progress.it\/myprogress\/gruppo\/\">Gruppo Progress<\/a>. Il DPO delle societ\u00e0 del gruppo \u00e8 raggiungibile all&#8217;indirizzo\u00a0<a href=\"mailto:privacy@gruppoprogress.com\">privacy@gruppoprogress.com.<\/a><\/p>\n<h4>CHE TIPI DI DATI TRATTIAMO, PER QUALI RAGIONI E PER QUANTO TEMPO?<\/h4>\n<p><strong>Dati comunicati spontaneamente dall\u2019utente<\/strong><br \/>\nAttraverso questo sito possiamo raccogliere:<\/p>\n<ol>\n<li><strong>Messaggi spontanei:<\/strong> dati di contatto dell\u2019utente trasmessi con l\u2019invio esplicito e volontario di messaggi agli indirizzi di contatto delle aziende del Gruppo Progress. Questi dati sono utilizzati solo per rispondere ai visitatori e sono conservati per il tempo di conservazione della documentazione amministrativa (10 anni). La base giuridica del trattamento \u00e8 l\u2019esecuzione del contratto.<\/li>\n<li><strong style=\"font-family: 'Open Sans', Helvetica, Arial, Verdana, sans-serif; font-size: 14px; word-spacing: normal;\">Compilazione di form<\/strong><span style=\"font-family: 'Open Sans', Helvetica, Arial, Verdana, sans-serif; font-size: 14px; word-spacing: normal;\">: dati personali forniti dall\u2019utente in maniera spontanea e volontaria tramite la compilazione di form di richiesta informazioni, di contatto, e simili. Questi dati sono trattati per dar seguito alle richieste ed espletare l\u2019eventuale necessit\u00e0 precontrattuale, sono conservati per il tempo di conservazione della documentazione amministrativa (10 anni).<\/span><\/li>\n<li><strong style=\"font-family: 'Open Sans', Helvetica, Arial, Verdana, sans-serif; font-size: 14px; word-spacing: normal;\">Newsletter e marketing diretto<\/strong><span style=\"font-family: 'Open Sans', Helvetica, Arial, Verdana, sans-serif; font-size: 14px; word-spacing: normal;\">: dati di recapito (telefono ed email) forniti con la compilazione di moduli o form. Questi dati, raccolti per altre finalit\u00e0,\u00a0saranno utilizzati dalle societ\u00e0 del Gruppo anche comunicare novit\u00e0, miglioramenti, informazioni tecniche rilevanti o inviti ad eventi specifici, nel legittimo interesse delle nostre societ\u00e0 di promuovere i propri servizi a specialisti del settore interessati alla materia. <\/span><span style=\"font-family: 'Open Sans', Helvetica, Arial, Verdana, sans-serif; font-size: 14px; word-spacing: normal;\">Questi dati di recapito saranno utilizzati a questo scopo fino all\u2019esercizio del diritto di opposizione da parte dell\u2019interessato tramite il footer della email e poi cancellati, salvo la conservazione per altre finalit\u00e0 contrattuali.<\/span><\/li>\n<\/ol>\n<p><strong>Dati di navigazione raccolti senza intervento dell\u2019utente<\/strong><\/p>\n<ol style=\"list-style-type: lower-alpha;\">\n<li>Questo sito pu\u00f2 raccogliere anche <strong>dati di navigazione<\/strong> (cosidetti log files) tramite procedure software che registrano informazioni la cui trasmissione \u00e8 implicita nell\u2019uso dei protocolli di comunicazione di Internet (come indirizzi IP, tipo di browser e parametri dei dispositivi che si connettono, nome dell\u2019ISP utilizzato, data e orario di visita, URL delle pagine richieste, pagina di provenienza, numero di click\u2026). Questi dati sono raccolti e gestiti in forma automatizzata e aggregata al solo fine di controllare e garantire il corretto e tempestivo funzionamento del sito per bloccare tentativi di danneggiamento al sito medesimo o ad altri utenti e potrebbero essere inoltre utilizzati al fine di accertare responsabilit\u00e0 in caso di eventuali reati informatici. La base giuridica \u00e8 il legittimo interesse del proprietario del sito di proteggere la sua propriet\u00e0 e la sua reputazione. Questi dati saranno conservati per il tempo strettamente necessario a svolgere le attivit\u00e0 sopra descritte.<\/li>\n<li><span style=\"word-spacing: normal;\">Il sito utilizza inoltre <strong>cookies di natura tecnica<\/strong> necessari al funzionamento, <strong>cookies statistici di terze parti e cookies di profilazione<\/strong>. I cookies presenti su questo sito sono:<\/span><\/li>\n<\/ol>\n<table>\n<tbody>\n<tr>\n<td><strong>TIPO<\/strong><\/td>\n<td><strong>NOME<\/strong><\/td>\n<td><strong>A COSA SERVE<\/strong><\/td>\n<td><strong>SCADENZA<\/strong><\/td>\n<td><strong>PROPRIETARIO<\/strong><\/td>\n<td><strong>DATI INVIATI IN<\/strong><\/td>\n<\/tr>\n<tr>\n<td>Statistiche<\/td>\n<td>_ga<\/td>\n<td>Registra un ID univoco utilizzato per generare dati statistici su come il visitato reutilizza il sito internet.<\/td>\n<td>2 anni<\/td>\n<td>Google<\/td>\n<td>Irlanda<\/td>\n<\/tr>\n<\/tbody>\n<\/table>\n<h3><\/h3>\n<h4>A CHI COMUNICHIAMO I DATI PERSONALI?<\/h4>\n<p>I dati raccolti a seguito della consultazione dei siti sopra elencati sono comunicati:<\/p>\n<ul>\n<li>a soggetti terzi di cui l\u2019azienda si avvale per lo svolgimento di compiti ed attivit\u00e0 di natura tecnica e organizzativa strumentali al funzionamento del sito web, designati Responsabili del trattamento (come ad esempio il il provider sistema di mailing massivo \u2026)<\/li>\n<li>a terzi in ottemperanza ad un obbligo di legge o per tutelare i diritti dell\u2019azienda (istituzioni, forze dell\u2019ordine, autorit\u00e0 giudiziarie, amministrative, regolatorie o di pubblica sicurezza, nell\u2019ambito di un procedimento legale o amministrativo, o al fine di adempiere un obbligo di legge o tutelare un nostro diritto, anche in sede giudiziaria).<\/li>\n<\/ul>\n<h4>CHE DIRITTI HANNO GLI INTERESSATI?<\/h4>\n<p>Gli utenti possono esercitare in ogni momento i diritti di accesso ai propri dati personali, di rettifica o cancellazione degli stessi, di opporsi al loro trattamento e di richiederne la limitazione del trattamento (artt. 15 e ss. del GDPR) inviando una\u00a0email al nostro DPO.<br \/>\nInoltre gli utenti hanno il diritto di rivolgersi al Garante per la Protezione dei Dati Personali o ad altra autorit\u00e0 per proporre un reclamo in merito al trattamento dei propri dati personali.<\/p>\n","protected":false},"excerpt":{"rendered":"<p>Grazie per aver visitato il nostro sito!\u00a0Nel testo che segue, ai sensi del Regolamento UE 2016\/679, questa pagina descrive le regole di trattamento dei dati personali degli utenti\/visitatori che consultano le pagine web del sito www.progress.it\u00a0(e non\u00a0altri siti web, portali, sezioni\/pagine\/spazi consultabili mediante link, di titolarit\u00e0 di terzi, per cui si rimanda alle rispettive informative\/policy).&hellip;<\/p>\n","protected":false},"author":162,"featured_media":0,"parent":0,"menu_order":0,"comment_status":"closed","ping_status":"closed","template":"","meta":[],"yoast_head":"<!-- This site is optimized with the Yoast SEO plugin v19.4 - https:\/\/yoast.com\/wordpress\/plugins\/seo\/ -->\n<title>Informativa Privacy - Partner Zucchetti Software Gestionali, HR per professionisti ed Aziende - PROGRESS GROUP<\/title>\n<meta name=\"description\" content=\"Informativa sul trattamento dei dati personali. Articoli 12 e ss. del Regolamento (UE) 2016\/679 (GDPR).\" \/>\n<meta name=\"robots\" content=\"index, follow, max-snippet:-1, max-image-preview:large, max-video-preview:-1\" \/>\n<link rel=\"canonical\" href=\"https:\/\/progress.it\/myprogress\/informativa-privacy\/\" \/>\n<meta property=\"og:locale\" content=\"it_IT\" \/>\n<meta property=\"og:type\" content=\"article\" \/>\n<meta property=\"og:title\" content=\"Informativa Privacy - Partner Zucchetti Software Gestionali, HR per professionisti ed Aziende - PROGRESS GROUP\" \/>\n<meta property=\"og:description\" content=\"Informativa sul trattamento dei dati personali. Articoli 12 e ss. del Regolamento (UE) 2016\/679 (GDPR).\" \/>\n<meta property=\"og:url\" content=\"https:\/\/progress.it\/myprogress\/informativa-privacy\/\" \/>\n<meta property=\"og:site_name\" content=\"Partner Zucchetti Software Gestionali, HR per professionisti ed Aziende - PROGRESS GROUP\" \/>\n<meta property=\"article:publisher\" content=\"https:\/\/www.facebook.com\/Progress-Group-298117453602804\/\" \/>\n<meta property=\"article:modified_time\" content=\"2020-06-29T14:10:56+00:00\" \/>\n<meta property=\"og:image\" content=\"https:\/\/progress.it\/myprogress\/wp-content\/uploads\/2018\/07\/informativa_blank-300x103.jpg\" \/>\n<meta name=\"twitter:card\" content=\"summary_large_image\" \/>\n<meta name=\"twitter:label1\" content=\"Tempo di lettura stimato\" \/>\n\t<meta name=\"twitter:data1\" content=\"4 minuti\" \/>\n<script type=\"application\/ld+json\" class=\"yoast-schema-graph\">{\"@context\":\"https:\/\/schema.org\",\"@graph\":[{\"@type\":\"Organization\",\"@id\":\"https:\/\/progress.it\/myprogress\/#organization\",\"name\":\"PROGRESS GROUP SRL\",\"url\":\"https:\/\/progress.it\/myprogress\/\",\"sameAs\":[\"https:\/\/www.linkedin.com\/company\/progress-group-srl\/?viewAsMember=true\",\"https:\/\/www.facebook.com\/Progress-Group-298117453602804\/\"],\"logo\":{\"@type\":\"ImageObject\",\"inLanguage\":\"it-IT\",\"@id\":\"https:\/\/progress.it\/myprogress\/#\/schema\/logo\/image\/\",\"url\":\"https:\/\/progress.it\/myprogress\/wp-content\/uploads\/2019\/01\/logo_progress_new2.png\",\"contentUrl\":\"https:\/\/progress.it\/myprogress\/wp-content\/uploads\/2019\/01\/logo_progress_new2.png\",\"width\":300,\"height\":65,\"caption\":\"PROGRESS GROUP SRL\"},\"image\":{\"@id\":\"https:\/\/progress.it\/myprogress\/#\/schema\/logo\/image\/\"}},{\"@type\":\"WebSite\",\"@id\":\"https:\/\/progress.it\/myprogress\/#website\",\"url\":\"https:\/\/progress.it\/myprogress\/\",\"name\":\"Partner Zucchetti Software Gestionali, HR per professionisti ed Aziende - PROGRESS GROUP\",\"description\":\"Soluzioni Software e servizi innovativi a marchio Zucchetti\",\"publisher\":{\"@id\":\"https:\/\/progress.it\/myprogress\/#organization\"},\"potentialAction\":[{\"@type\":\"SearchAction\",\"target\":{\"@type\":\"EntryPoint\",\"urlTemplate\":\"https:\/\/progress.it\/myprogress\/?s={search_term_string}\"},\"query-input\":\"required name=search_term_string\"}],\"inLanguage\":\"it-IT\"},{\"@type\":\"WebPage\",\"@id\":\"https:\/\/progress.it\/myprogress\/informativa-privacy\/\",\"url\":\"https:\/\/progress.it\/myprogress\/informativa-privacy\/\",\"name\":\"Informativa Privacy - Partner Zucchetti Software Gestionali, HR per professionisti ed Aziende - PROGRESS GROUP\",\"isPartOf\":{\"@id\":\"https:\/\/progress.it\/myprogress\/#website\"},\"datePublished\":\"2020-04-04T21:21:17+00:00\",\"dateModified\":\"2020-06-29T14:10:56+00:00\",\"description\":\"Informativa sul trattamento dei dati personali. Articoli 12 e ss. del Regolamento (UE) 2016\/679 (GDPR).\",\"breadcrumb\":{\"@id\":\"https:\/\/progress.it\/myprogress\/informativa-privacy\/#breadcrumb\"},\"inLanguage\":\"it-IT\",\"potentialAction\":[{\"@type\":\"ReadAction\",\"target\":[\"https:\/\/progress.it\/myprogress\/informativa-privacy\/\"]}]},{\"@type\":\"BreadcrumbList\",\"@id\":\"https:\/\/progress.it\/myprogress\/informativa-privacy\/#breadcrumb\",\"itemListElement\":[{\"@type\":\"ListItem\",\"position\":1,\"name\":\"Home\",\"item\":\"https:\/\/progress.it\/myprogress\/\"},{\"@type\":\"ListItem\",\"position\":2,\"name\":\"Informativa Privacy\"}]}]}<\/script>\n<!-- \/ Yoast SEO plugin. -->","yoast_head_json":{"title":"Informativa Privacy - Partner Zucchetti Software Gestionali, HR per professionisti ed Aziende - PROGRESS GROUP","description":"Informativa sul trattamento dei dati personali. Articoli 12 e ss. del Regolamento (UE) 2016\/679 (GDPR).","robots":{"index":"index","follow":"follow","max-snippet":"max-snippet:-1","max-image-preview":"max-image-preview:large","max-video-preview":"max-video-preview:-1"},"canonical":"https:\/\/progress.it\/myprogress\/informativa-privacy\/","og_locale":"it_IT","og_type":"article","og_title":"Informativa Privacy - Partner Zucchetti Software Gestionali, HR per professionisti ed Aziende - PROGRESS GROUP","og_description":"Informativa sul trattamento dei dati personali. Articoli 12 e ss. del Regolamento (UE) 2016\/679 (GDPR).","og_url":"https:\/\/progress.it\/myprogress\/informativa-privacy\/","og_site_name":"Partner Zucchetti Software Gestionali, HR per professionisti ed Aziende - PROGRESS GROUP","article_publisher":"https:\/\/www.facebook.com\/Progress-Group-298117453602804\/","article_modified_time":"2020-06-29T14:10:56+00:00","og_image":[{"url":"https:\/\/progress.it\/myprogress\/wp-content\/uploads\/2018\/07\/informativa_blank-300x103.jpg"}],"twitter_card":"summary_large_image","twitter_misc":{"Tempo di lettura stimato":"4 minuti"},"schema":{"@context":"https:\/\/schema.org","@graph":[{"@type":"Organization","@id":"https:\/\/progress.it\/myprogress\/#organization","name":"PROGRESS GROUP SRL","url":"https:\/\/progress.it\/myprogress\/","sameAs":["https:\/\/www.linkedin.com\/company\/progress-group-srl\/?viewAsMember=true","https:\/\/www.facebook.com\/Progress-Group-298117453602804\/"],"logo":{"@type":"ImageObject","inLanguage":"it-IT","@id":"https:\/\/progress.it\/myprogress\/#\/schema\/logo\/image\/","url":"https:\/\/progress.it\/myprogress\/wp-content\/uploads\/2019\/01\/logo_progress_new2.png","contentUrl":"https:\/\/progress.it\/myprogress\/wp-content\/uploads\/2019\/01\/logo_progress_new2.png","width":300,"height":65,"caption":"PROGRESS GROUP SRL"},"image":{"@id":"https:\/\/progress.it\/myprogress\/#\/schema\/logo\/image\/"}},{"@type":"WebSite","@id":"https:\/\/progress.it\/myprogress\/#website","url":"https:\/\/progress.it\/myprogress\/","name":"Partner Zucchetti Software Gestionali, HR per professionisti ed Aziende - PROGRESS GROUP","description":"Soluzioni Software e servizi innovativi a marchio Zucchetti","publisher":{"@id":"https:\/\/progress.it\/myprogress\/#organization"},"potentialAction":[{"@type":"SearchAction","target":{"@type":"EntryPoint","urlTemplate":"https:\/\/progress.it\/myprogress\/?s={search_term_string}"},"query-input":"required name=search_term_string"}],"inLanguage":"it-IT"},{"@type":"WebPage","@id":"https:\/\/progress.it\/myprogress\/informativa-privacy\/","url":"https:\/\/progress.it\/myprogress\/informativa-privacy\/","name":"Informativa Privacy - Partner Zucchetti Software Gestionali, HR per professionisti ed Aziende - PROGRESS GROUP","isPartOf":{"@id":"https:\/\/progress.it\/myprogress\/#website"},"datePublished":"2020-04-04T21:21:17+00:00","dateModified":"2020-06-29T14:10:56+00:00","description":"Informativa sul trattamento dei dati personali. Articoli 12 e ss. del Regolamento (UE) 2016\/679 (GDPR).","breadcrumb":{"@id":"https:\/\/progress.it\/myprogress\/informativa-privacy\/#breadcrumb"},"inLanguage":"it-IT","potentialAction":[{"@type":"ReadAction","target":["https:\/\/progress.it\/myprogress\/informativa-privacy\/"]}]},{"@type":"BreadcrumbList","@id":"https:\/\/progress.it\/myprogress\/informativa-privacy\/#breadcrumb","itemListElement":[{"@type":"ListItem","position":1,"name":"Home","item":"https:\/\/progress.it\/myprogress\/"},{"@type":"ListItem","position":2,"name":"Informativa Privacy"}]}]}},"_links":{"self":[{"href":"https:\/\/progress.it\/myprogress\/wp-json\/wp\/v2\/pages\/52171"}],"collection":[{"href":"https:\/\/progress.it\/myprogress\/wp-json\/wp\/v2\/pages"}],"about":[{"href":"https:\/\/progress.it\/myprogress\/wp-json\/wp\/v2\/types\/page"}],"author":[{"embeddable":true,"href":"https:\/\/progress.it\/myprogress\/wp-json\/wp\/v2\/users\/162"}],"replies":[{"embeddable":true,"href":"https:\/\/progress.it\/myprogress\/wp-json\/wp\/v2\/comments?post=52171"}],"version-history":[{"count":4,"href":"https:\/\/progress.it\/myprogress\/wp-json\/wp\/v2\/pages\/52171\/revisions"}],"predecessor-version":[{"id":52409,"href":"https:\/\/progress.it\/myprogress\/wp-json\/wp\/v2\/pages\/52171\/revisions\/52409"}],"wp:attachment":[{"href":"https:\/\/progress.it\/myprogress\/wp-json\/wp\/v2\/media?parent=52171"}],"curies":[{"name":"wp","href":"https:\/\/api.w.org\/{rel}","templated":true}]}}